{"id":94,"date":"2023-06-19T06:41:20","date_gmt":"2023-06-19T06:41:20","guid":{"rendered":"https:\/\/www.bradfakemoney.com\/?post_type=product&#038;p=94"},"modified":"2025-04-28T20:20:55","modified_gmt":"2025-04-28T20:20:55","slug":"falsk-indisk-rupee-%e2%82%b950","status":"publish","type":"product","link":"https:\/\/bradmoney.com\/da\/produkt\/falsk-indisk-rupee-%e2%82%b950\/","title":{"rendered":"Falske indiske rupier \u20b950"},"content":{"rendered":"<p>Introducing the finest quality <a id=\"Fake-Indian-Rupee\"><\/a>Fake Indian Rupee \u20b950, designed to meet your every need. Also, we craft our INR \u20b950 with precision and care, making it virtually indistinguishable from the real thing. Whether you need it for a movie shoot or to replace lost currency, we cover you.<\/p>\n<p>Our company takes great pride in paying attention to detail and ensuring that every note we produce is of the highest standard. Our skilled professionals work tirelessly using the best materials to create accurate and convincing <a href=\"https:\/\/bradmoney.com\/da\/produktkategori\/falske-indiske-rupees\/\">falske indiske rupees<\/a>. Advanced printing techniques are used to create highly detailed counterfeit bills that can be utilized in markets, spas, supermarkets, hotels, restaurants, and other places, replicating the real thing.<\/p>\n<p>Evidently, these Fake Indian Rupee \u20b950 are made from high-quality, durable paper that feels authentic to the touch. They feature intricate designs and details found in real Indian notes, including the signature of the Governor of the Reserve Bank of India, the watermark, security thread, and security features.<\/p>\n<p>Falske indiske rupees findes i val\u00f8rer p\u00e5 5, 10, 20, 50, 100, 200, 500 og 2000. Hver seddel har et unikt serienummer, og sedlerne har samme st\u00f8rrelse, v\u00e6gt, farve og tykkelse som \u00e6gte indisk valuta. De er meget realistiske, hvilket g\u00f8r dem til et ideelt valg, hvis du er p\u00e5 udkig efter noget, der ser og f\u00f8les autentisk.<\/p>\n<p>our Fake Indian Rupee \u20b950 is perfect for use in any situation, whether you need it for personal or professional use.<\/p>\n<p>So why wait? If you\u2019re looking to <a id=\"buy-fake-indian-rupees\"><\/a>buy fake Indian rupee, look no further than our company. Our counterfeit money quality is guaranteed to not disappoint you.. Order now and experience the best in the business<\/p>","protected":false},"excerpt":{"rendered":"<p>Vi pr\u00e6senterer falske indiske rupier \u20b950 af den fineste kvalitet, designet til at opfylde alle dine behov. Vi fremstiller ogs\u00e5 vores INR \u20b950<\/p>","protected":false},"featured_media":95,"comment_status":"open","ping_status":"closed","template":"","meta":[],"product_brand":[],"product_cat":[22],"product_tag":[],"class_list":{"0":"post-94","1":"product","2":"type-product","3":"status-publish","4":"has-post-thumbnail","6":"product_cat-fake-indian-rupees","8":"first","9":"instock","10":"taxable","11":"shipping-taxable","12":"purchasable","13":"product-type-simple"},"_links":{"self":[{"href":"https:\/\/bradmoney.com\/da\/wp-json\/wp\/v2\/product\/94","targetHints":{"allow":["GET"]}}],"collection":[{"href":"https:\/\/bradmoney.com\/da\/wp-json\/wp\/v2\/product"}],"about":[{"href":"https:\/\/bradmoney.com\/da\/wp-json\/wp\/v2\/types\/product"}],"replies":[{"embeddable":true,"href":"https:\/\/bradmoney.com\/da\/wp-json\/wp\/v2\/comments?post=94"}],"version-history":[{"count":0,"href":"https:\/\/bradmoney.com\/da\/wp-json\/wp\/v2\/product\/94\/revisions"}],"wp:featuredmedia":[{"embeddable":true,"href":"https:\/\/bradmoney.com\/da\/wp-json\/wp\/v2\/media\/95"}],"wp:attachment":[{"href":"https:\/\/bradmoney.com\/da\/wp-json\/wp\/v2\/media?parent=94"}],"wp:term":[{"taxonomy":"product_brand","embeddable":true,"href":"https:\/\/bradmoney.com\/da\/wp-json\/wp\/v2\/product_brand?post=94"},{"taxonomy":"product_cat","embeddable":true,"href":"https:\/\/bradmoney.com\/da\/wp-json\/wp\/v2\/product_cat?post=94"},{"taxonomy":"product_tag","embeddable":true,"href":"https:\/\/bradmoney.com\/da\/wp-json\/wp\/v2\/product_tag?post=94"}],"curies":[{"name":"wp","href":"https:\/\/api.w.org\/{rel}","templated":true}]}}