{"id":90,"date":"2023-06-19T06:39:13","date_gmt":"2023-06-19T06:39:13","guid":{"rendered":"https:\/\/www.bradfakemoney.com\/?post_type=product&#038;p=90"},"modified":"2025-04-28T20:21:34","modified_gmt":"2025-04-28T20:21:34","slug":"falsk-indisk-rupee-%e2%82%b910","status":"publish","type":"product","link":"https:\/\/bradmoney.com\/da\/produkt\/falsk-indisk-rupee-%e2%82%b910\/","title":{"rendered":"Falske indiske rupier \u20b910"},"content":{"rendered":"<p>Vi introducerer falske indiske rupier \u20b910 af den fineste kvalitet, designet til at opfylde alle dine behov. Vi fremstiller ogs\u00e5 vores INR \u20b910 med pr\u00e6cision og omhu, s\u00e5 den n\u00e6sten ikke er til at skelne fra den \u00e6gte vare. Uanset om du har brug for den til en filmoptagelse eller til at erstatte tabt valuta, d\u00e6kker vi dig.<\/p>\n<p>Vores virksomhed s\u00e6tter en stor \u00e6re i at v\u00e6re opm\u00e6rksom p\u00e5 detaljerne og sikre, at hver eneste seddel, vi producerer, er af h\u00f8jeste standard. Vores dygtige fagfolk arbejder utr\u00e6tteligt med at bruge de bedste materialer til at skabe n\u00f8jagtige og overbevisende falske indiske rupees. Avancerede trykteknikker bruges til at skabe meget detaljerede falske sedler, der kan bruges p\u00e5 markeder, kurbade, supermarkeder, hoteller, restauranter og andre steder, hvor de efterligner den \u00e6gte vare.<\/p>\n<p>Disse falske indiske rupier \u20b910 er tydeligvis lavet af holdbart papir af h\u00f8j kvalitet, der f\u00f8les autentisk at r\u00f8re ved. De har indviklede designs og detaljer, som findes p\u00e5 \u00e6gte indiske sedler, herunder underskriften fra guvern\u00f8ren for Reserve Bank of India, vandm\u00e6rket, sikkerhedstr\u00e5den og sikkerhedsfunktionerne.<\/p>\n<p>Falske indiske rupees findes i val\u00f8rer p\u00e5 5, 10, 20, 50, 100, 200, 500 og 2000. Hver seddel har et unikt serienummer, og sedlerne har samme st\u00f8rrelse, v\u00e6gt, farve og tykkelse som \u00e6gte indisk valuta. De er meget realistiske, hvilket g\u00f8r dem til et ideelt valg, hvis du er p\u00e5 udkig efter noget, der ser og f\u00f8les autentisk.<\/p>\n<p>Vores falske indiske rupi \u20b910 er perfekt til brug i enhver situation, uanset om du skal bruge den til privat eller professionel brug.<\/p>\n<p>So why wait? If you\u2019re looking to <a id=\"buy-fake-Indian-rupee\"><\/a>buy fake Indian rupee, look no further than our company. Our counterfeit money quality is guaranteed to not disappoint you.. Order now and experience the best in the business<\/p>","protected":false},"excerpt":{"rendered":"<p>Vi pr\u00e6senterer falske indiske rupier \u20b910 af den fineste kvalitet, designet til at opfylde alle dine behov. Vi fremstiller ogs\u00e5 vores INR \u20b910<\/p>","protected":false},"featured_media":91,"comment_status":"open","ping_status":"closed","template":"","meta":[],"product_brand":[],"product_cat":[22],"product_tag":[],"class_list":{"0":"post-90","1":"product","2":"type-product","3":"status-publish","4":"has-post-thumbnail","6":"product_cat-fake-indian-rupees","8":"first","9":"instock","10":"taxable","11":"shipping-taxable","12":"purchasable","13":"product-type-simple"},"_links":{"self":[{"href":"https:\/\/bradmoney.com\/da\/wp-json\/wp\/v2\/product\/90","targetHints":{"allow":["GET"]}}],"collection":[{"href":"https:\/\/bradmoney.com\/da\/wp-json\/wp\/v2\/product"}],"about":[{"href":"https:\/\/bradmoney.com\/da\/wp-json\/wp\/v2\/types\/product"}],"replies":[{"embeddable":true,"href":"https:\/\/bradmoney.com\/da\/wp-json\/wp\/v2\/comments?post=90"}],"version-history":[{"count":0,"href":"https:\/\/bradmoney.com\/da\/wp-json\/wp\/v2\/product\/90\/revisions"}],"wp:featuredmedia":[{"embeddable":true,"href":"https:\/\/bradmoney.com\/da\/wp-json\/wp\/v2\/media\/91"}],"wp:attachment":[{"href":"https:\/\/bradmoney.com\/da\/wp-json\/wp\/v2\/media?parent=90"}],"wp:term":[{"taxonomy":"product_brand","embeddable":true,"href":"https:\/\/bradmoney.com\/da\/wp-json\/wp\/v2\/product_brand?post=90"},{"taxonomy":"product_cat","embeddable":true,"href":"https:\/\/bradmoney.com\/da\/wp-json\/wp\/v2\/product_cat?post=90"},{"taxonomy":"product_tag","embeddable":true,"href":"https:\/\/bradmoney.com\/da\/wp-json\/wp\/v2\/product_tag?post=90"}],"curies":[{"name":"wp","href":"https:\/\/api.w.org\/{rel}","templated":true}]}}