{"id":31,"date":"2023-06-19T05:58:04","date_gmt":"2023-06-19T05:58:04","guid":{"rendered":"https:\/\/www.bradfakemoney.com\/?post_type=product&#038;p=31"},"modified":"2026-01-23T17:01:30","modified_gmt":"2026-01-24T01:01:30","slug":"falsk-australsk-dollar-20","status":"publish","type":"product","link":"https:\/\/bradmoney.com\/da\/produkt\/falsk-australsk-dollar-20\/","title":{"rendered":"Falsk australsk dollar $20"},"content":{"rendered":"<p><a id=\"Buy-realistic-Fake-Australian-Dollar\"><\/a>K\u00f8b realistiske falske australske dollars $20 lavet af samme polymer som de originale sedler. Perfekt til hverdagsbrug eller teater. Vores falske valuta ser og f\u00f8les utroligt \u00e6gte med indviklede detaljer og sikkerhedsfunktioner.<\/p>\n<p>Uanset om du har brug for den som <a id=\"prop-money\"><\/a>prop money, en sp\u00f8g eller bare til hverdagsbrug til betaling af regninger og k\u00f8b af varer, vores falske australske dollarsedler $20 er et ideelt valg.<\/p>\n<p>Bem\u00e6rk, at disse sedler er beregnet til alle form\u00e5l og kan bruges i spaer, hoteller, restauranter, supermarkeder, butikker osv. i Australien og alle andre steder, der accepterer kontanter som betalingsmetode.<\/p>\n<p>F\u00e5 dine falske australske dollars nu og tilf\u00f8j lidt sp\u00e6nding til din livsbegivenhed. G\u00e5 ikke glip af denne mulighed for at f\u00e5 falske penge af h\u00f8j kvalitet i h\u00e6nderne. Bestil i dag og oplev sp\u00e6ndingen ved at holde falske penge, der ligner den \u00e6gte vare!<\/p>","protected":false},"excerpt":{"rendered":"<div class=\"description woocommerce-product-details__short-description\">\n<div class=\"description\">\n<div class=\"description\">\n<p><a id=\"Buy-Counterfeit-Money\"><\/a>K\u00f8b falske penge, der ser \u00e6gte ud online. Med Bradmoneyy Inc. kan du k\u00f8be falske 20 australske dollarsedler og f\u00e5 dem leveret til Australien.<\/p>\n<\/div>\n<\/div>\n<\/div>","protected":false},"featured_media":32,"comment_status":"open","ping_status":"closed","template":"","meta":[],"product_brand":[],"product_cat":[17],"product_tag":[],"class_list":{"0":"post-31","1":"product","2":"type-product","3":"status-publish","4":"has-post-thumbnail","6":"product_cat-fake-australian-dollar","8":"first","9":"instock","10":"taxable","11":"shipping-taxable","12":"purchasable","13":"product-type-simple"},"_links":{"self":[{"href":"https:\/\/bradmoney.com\/da\/wp-json\/wp\/v2\/product\/31","targetHints":{"allow":["GET"]}}],"collection":[{"href":"https:\/\/bradmoney.com\/da\/wp-json\/wp\/v2\/product"}],"about":[{"href":"https:\/\/bradmoney.com\/da\/wp-json\/wp\/v2\/types\/product"}],"replies":[{"embeddable":true,"href":"https:\/\/bradmoney.com\/da\/wp-json\/wp\/v2\/comments?post=31"}],"version-history":[{"count":1,"href":"https:\/\/bradmoney.com\/da\/wp-json\/wp\/v2\/product\/31\/revisions"}],"predecessor-version":[{"id":17834,"href":"https:\/\/bradmoney.com\/da\/wp-json\/wp\/v2\/product\/31\/revisions\/17834"}],"wp:featuredmedia":[{"embeddable":true,"href":"https:\/\/bradmoney.com\/da\/wp-json\/wp\/v2\/media\/32"}],"wp:attachment":[{"href":"https:\/\/bradmoney.com\/da\/wp-json\/wp\/v2\/media?parent=31"}],"wp:term":[{"taxonomy":"product_brand","embeddable":true,"href":"https:\/\/bradmoney.com\/da\/wp-json\/wp\/v2\/product_brand?post=31"},{"taxonomy":"product_cat","embeddable":true,"href":"https:\/\/bradmoney.com\/da\/wp-json\/wp\/v2\/product_cat?post=31"},{"taxonomy":"product_tag","embeddable":true,"href":"https:\/\/bradmoney.com\/da\/wp-json\/wp\/v2\/product_tag?post=31"}],"curies":[{"name":"wp","href":"https:\/\/api.w.org\/{rel}","templated":true}]}}