{"id":17275,"date":"2016-08-05T19:38:36","date_gmt":"2016-08-05T19:38:36","guid":{"rendered":"https:\/\/bradmoney.com\/?post_type=product&#038;p=17275"},"modified":"2025-08-08T09:31:21","modified_gmt":"2025-08-08T09:31:21","slug":"kob-falsk-200-swiss-francs-seddel","status":"publish","type":"product","link":"https:\/\/bradmoney.com\/da\/produkt\/kob-falsk-200-swiss-francs-seddel\/","title":{"rendered":"K\u00f8b falsk 200 schweizerfranc seddel"},"content":{"rendered":"<p data-start=\"1079\" data-end=\"1541\">Introduktion <a id=\"Fake-200-Swiss-Francs\"><\/a>Den falske 200 schweizerfranc-seddel fra Bradmoney er en dristig repr\u00e6sentation af realisme og eksperth\u00e5ndv\u00e6rk. Denne avancerede falske 200 CHF-seddel er designet til kr\u00e6sne k\u00f8bere, der kr\u00e6ver n\u00f8jagtighed, og den gengiver alle tr\u00e6k ved Schweiz' officielle valuta med sl\u00e5ende pr\u00e6cision. Uanset om du er p\u00e5 udkig efter en teaterrekvisit eller undervisningsmateriale, der indfanger essensen af \u00e6gte valuta, tilbyder dette produkt uovertruffen kvalitet og trov\u00e6rdighed.<\/p>\n<p data-start=\"1543\" data-end=\"1944\">Den \u00e6gte 200 CHF-seddel fra den schweiziske nationalbank afspejler temaet stof og fokuserer specifikt p\u00e5 Schweiz' tradition for videnskabelig ekspertise og udforskning. Designet viser en h\u00e5nd, der holder en dirigentstok, som symboliserer koordineringen af komplekse processer. Bradmoneys version indfanger alle aspekter af dette kunstneriske koncept med betagende klarhed og engagement i detaljerne.<\/p>\n<p data-start=\"1946\" data-end=\"2343\">Fra den indviklede molekyl\u00e6re grafik i baggrunden til justeringskorset, mikrotryk, UV-reaktive funktioner og den dybe okkerfarvede palet er hver eneste nuance trofast gengivet. H\u00e5ndmotivet, de taktile elementer og sikkerhedsfunktionerne er efterlignet ved hj\u00e6lp af avancerede trykteknologier og f\u00f8rsteklasses materialer, der efterligner teksturen og tykkelsen af det originale substrat af polymerbomuld.<\/p>\n<p data-start=\"2345\" data-end=\"2780\">Vores falske 200 schweizerfranc-seddel har sofistikerede optiske effekter som f.eks. et holografisk farveskiftende b\u00e5nd og et simuleret vandm\u00e6rke. H\u00e6vede trykflader, fine linjer og klarhed fra kant til kant g\u00f8r det muligt for denne seddel at modst\u00e5 n\u00f8je granskning og samtidig bevare et virkelig autentisk udseende. Sedlen reflekterer ogs\u00e5 lyset naturligt i forskellige vinkler og best\u00e5r den visuelle test af b\u00e5de dagslys og UV-lys for at sikre realisme.<\/p>\n<p data-start=\"2782\" data-end=\"3107\">De fysiske egenskaber er lige s\u00e5 imponerende. Bradmoney bruger ultrapr\u00e6cise presse- og efterbehandlingsv\u00e6rkt\u00f8jer til at matche den \u00e6gte seddels dimensioner, v\u00e6gt og taktile egenskaber. Hvad er resultatet? En falsk 200 CHF, der f\u00f8les utrolig \u00e6gte i h\u00e5nden, lyder skarpt, n\u00e5r den h\u00e5ndteres, og som ikke kan skelnes fra \u00e6gte sedler ved f\u00f8rste \u00f8jekast.<\/p>\n<p data-start=\"3109\" data-end=\"3422\">Vores falske schweizerfranc bruges til at betale regninger og til hverdagsbrug, ogs\u00e5 af kreative fagfolk, undervisere og private kunder, og de skiller sig ud ved deres realisme og p\u00e5lidelighed. 200 franc-sedlen er en meget udbredt m\u00f8ntfod i Schweiz, hvilket g\u00f8r denne falske version til en ideel mulighed for brug af h\u00f8j kvalitet i transaktionsscenarier. <a id=\"Buy-undetectable-fake-Swiss-Francs\"><\/a>K\u00f8b falske schweizerfranc, der ikke kan spores<\/p>\n<p data-start=\"3424\" data-end=\"3680\">Hos Bradmoney forst\u00e5r vi, at \u00e6gthed ikke kun er visuel, men ogs\u00e5 ligger i f\u00f8lelsen, teksturen og pr\u00e6sentationen. Vores strenge kvalitetssikring sikrer, at hver eneste falske 200 CHF-seddel, du modtager, er blevet kontrolleret for konsistens, trykn\u00f8jagtighed og kantfinish.<\/p>\n<p data-start=\"3682\" data-end=\"3965\">Looking for <a id=\"where-to-buy-fake-Swiss-Francs\"><\/a>where to buy fake Swiss Francs that combine precision with practicality? Bradmoney is your top tier destination. Each order is packed discreetly and shipped securely to protect your privacy. With global coverage and dedicated support, your satisfaction is guaranteed.<\/p>\n<p data-start=\"3967\" data-end=\"4144\">Don\u2019t settle for low grade copies. Choose Bradmoney\u2019s realistic fake 200 CHF note\u00a0 the highest standard in counterfeit Swiss Francs for legitimate circulatory purposes. <a id=\"Buy-realistic-fake-Swiss-Franc\"><\/a>Buy realistic fake Swiss Francs<\/p>","protected":false},"excerpt":{"rendered":"<p>Bestil Bradmoneys falske 200 schweizerfranc-seddel i dag - en hyperrealistisk, falsk 200 CHF-valuta i h\u00f8j kvalitet, der perfekt afspejler originalens design og struktur.<\/p>","protected":false},"featured_media":17333,"comment_status":"open","ping_status":"closed","template":"","meta":[],"product_brand":[],"product_cat":[100],"product_tag":[],"class_list":{"0":"post-17275","1":"product","2":"type-product","3":"status-publish","4":"has-post-thumbnail","6":"product_cat-fake-swiss-francs-chf","8":"first","9":"instock","10":"taxable","11":"shipping-taxable","12":"purchasable","13":"product-type-simple"},"_links":{"self":[{"href":"https:\/\/bradmoney.com\/da\/wp-json\/wp\/v2\/product\/17275","targetHints":{"allow":["GET"]}}],"collection":[{"href":"https:\/\/bradmoney.com\/da\/wp-json\/wp\/v2\/product"}],"about":[{"href":"https:\/\/bradmoney.com\/da\/wp-json\/wp\/v2\/types\/product"}],"replies":[{"embeddable":true,"href":"https:\/\/bradmoney.com\/da\/wp-json\/wp\/v2\/comments?post=17275"}],"version-history":[{"count":0,"href":"https:\/\/bradmoney.com\/da\/wp-json\/wp\/v2\/product\/17275\/revisions"}],"wp:featuredmedia":[{"embeddable":true,"href":"https:\/\/bradmoney.com\/da\/wp-json\/wp\/v2\/media\/17333"}],"wp:attachment":[{"href":"https:\/\/bradmoney.com\/da\/wp-json\/wp\/v2\/media?parent=17275"}],"wp:term":[{"taxonomy":"product_brand","embeddable":true,"href":"https:\/\/bradmoney.com\/da\/wp-json\/wp\/v2\/product_brand?post=17275"},{"taxonomy":"product_cat","embeddable":true,"href":"https:\/\/bradmoney.com\/da\/wp-json\/wp\/v2\/product_cat?post=17275"},{"taxonomy":"product_tag","embeddable":true,"href":"https:\/\/bradmoney.com\/da\/wp-json\/wp\/v2\/product_tag?post=17275"}],"curies":[{"name":"wp","href":"https:\/\/api.w.org\/{rel}","templated":true}]}}