{"id":16883,"date":"2024-12-16T07:02:25","date_gmt":"2024-12-16T07:02:25","guid":{"rendered":"https:\/\/bradmoney.com\/?post_type=product&#038;p=16883"},"modified":"2025-06-16T07:48:53","modified_gmt":"2025-06-16T07:48:53","slug":"russiske-rubler","status":"publish","type":"product","link":"https:\/\/bradmoney.com\/da\/produkt\/russiske-rubler\/","title":{"rendered":"Falske russiske rubler"},"content":{"rendered":"<h2>\u00a0<strong>Eksklusive produktbeskrivelser af Bradmoneys russiske rubelsedler<\/strong><\/h2>\n<p>Bradmoney producerer nu de bedste falske russiske rubler i verden i dag. Her har vi falske russiske rubler til salg. Spekulerer du p\u00e5, hvor du kan k\u00f8be falske russiske rubler? K\u00f8b falske penge nu<\/p>\n<h4><strong>\u00a050 rubler<\/strong><\/h4>\n<p><strong>formgivning<\/strong>: P\u00e5 50-rubelsedlen ses Rostral-s\u00f8jlerne i Skt. Petersborg, som symboliserer Ruslands fl\u00e5dehistorie, og Peter og Paul-f\u00e6stningen p\u00e5 bagsiden, som understreger dens arkitektoniske betydning.<br \/>\n<strong>Sikkerhedsfunktioner<\/strong>: Denne seddel indeholder et vandm\u00e6rke af Peter den Store, en sikkerhedstr\u00e5d indlejret med mikrotekst og UV-synlige elementer. Den har ogs\u00e5 h\u00e6vet tryk til taktil verifikation, et latent billede og farveskiftende bl\u00e6k for at forhindre forfalskning. Yderligere detaljer omfatter mikrotekst og holografiske elementer, der \u00e6ndrer sig, n\u00e5r de ses fra forskellige vinkler.<\/p>\n<h4>100 rubler<\/h4>\n<p><strong>formgivning<\/strong>: Denne seddel er udsmykket med Bolsjoj-teatret, et kendetegn for russisk kultur, med Apollo-kvadrigaen p\u00e5 bagsiden, der symboliserer kunstnerisk ekspertise.<br \/>\n<strong>Sikkerhedsfunktioner<\/strong>: 100 rubler-sedlen indeholder en holografisk sikkerhedsstribe, et vandm\u00e6rke af quadrigaen og farveskiftende bl\u00e6k. Den har ogs\u00e5 mikrotryk, et iriserende b\u00e5nd og UV-synlige fibre. H\u00e6vet tryk og latente billeder forbedrer den taktile oplevelse og sikkerheden.<\/p>\n<h4>\u00a0200 rubler<\/h4>\n<p><strong>formgivning<\/strong>: Forsiden viser monumentet for de s\u00e6nkede skibe i Sevastopol, mens bagsiden viser den tauriske Chersonesos, hvilket afspejler Krims historiske betydning.<br \/>\n<strong>Sikkerhedsfunktioner<\/strong>: Denne seddel har en dynamisk sikkerhedstr\u00e5d, et vandm\u00e6rke af et sejlskib og mikrotekst. UV-sikkerhedsfibre og farveskiftende elementer sikrer sedlen yderligere mod forfalskning. H\u00e6vet tryk og holografiske effekter forbedrer sedlens taktile og visuelle sikkerhedsfunktioner.<\/p>\n<h4>500 rubler<\/h4>\n<p><strong>formgivning<\/strong>: 500-rubelsedlen forestiller \u00c6rkeengelskatedralen i Arkhangelsk, som understreger Ruslands religi\u00f8se arv, med et sejlskib p\u00e5 bagsiden, som fremh\u00e6ver den maritime historie.<br \/>\n<strong>Sikkerhedsfunktioner<\/strong>: Denne seddel indeholder et vandm\u00e6rke af \u00e6rkeenglen Michael, en sikkerhedstr\u00e5d med mikrotekst og latente billeder. Den har ogs\u00e5 farveskiftende bl\u00e6k, h\u00e6vet tryk og UV-synlige elementer. Mikrotekst og holografiske effekter forbedrer sedlens samlede sikkerhed.<\/p>\n<h4>1.000 rubler<\/h4>\n<p><strong>formgivning<\/strong>: Med Jaroslav den Vise i Jaroslavl fremh\u00e6ver sedlen den historiske betydning med Johannes D\u00f8berens Kirke p\u00e5 bagsiden, der viser den arkitektoniske arv.<br \/>\n<strong>Sikkerhedsfunktioner<\/strong>: Den indeholder en holografisk sikkerhedsstribe, et vandm\u00e6rke af Yaroslav og et farveskiftende tal. Mikrotekst, UV-synlige sikkerhedsfunktioner og h\u00e6vet tryk sikrer \u00e6gthed og forhindrer forfalskning. Holografiske elementer og latente billeder giver ekstra sikkerhed.<\/p>\n<h4>2,000 rubler<\/h4>\n<p><strong>formgivning<\/strong>: Forsiden af sedlen fremh\u00e6ver moderne fremskridt og viser Russky-broen i Vladivostok, mens bagsiden viser Vostochny Cosmodrome, der symboliserer Ruslands fremskridt inden for udforskning af rummet.<br \/>\n<strong>Sikkerhedsfunktioner<\/strong>: Udstyret med en dynamisk sikkerhedstr\u00e5d, et vandm\u00e6rke af broen og mikrotryk indeholder denne seddel ogs\u00e5 UV-sikkerhedsfibre, farveskiftende elementer og h\u00e6vet tryk. Holografiske elementer og latente billeder forbedrer sedlens sikkerhed.<\/p>\n<h4>5,000 rubler<\/h4>\n<p><strong>formgivning<\/strong>: Sedlen p\u00e5 5.000 rubler fejrer Nikolay Muravyov-Amursky i Khabarovsk med den natursk\u00f8nne Amur-flod afbildet p\u00e5 bagsiden, hvilket understreger den naturlige sk\u00f8nhed.<br \/>\n<strong>Sikkerhedsfunktioner<\/strong>: Denne seddel indeholder en holografisk sikkerhedsstribe, et vandm\u00e6rke af Muravyov-Amursky og mikrotekst. UV-synlige fibre, farveskiftende bl\u00e6k og h\u00e6vet tryk \u00f8ger sikkerheden og \u00e6gtheden. Holografiske elementer og latente billeder giver yderligere beskyttelse.<\/p>\n<p>Hver p\u00e5lydende v\u00e6rdi af Bradmoneys russiske rubelsedler kombinerer uds\u00f8gt design med avancerede sikkerhedsfunktioner, hvilket sikrer b\u00e5de \u00e6stetisk appel og robust beskyttelse i hver transaktion. K\u00f8b falske russiske rubler i dag<\/p>","protected":false},"excerpt":{"rendered":"<p>Brad Money har de bedste falske russiske rubler i verden i dag, der kan bruges overalt til k\u00f8b af varer og tjenester kan indtastes i pengeautomater<\/p>","protected":false},"featured_media":16890,"comment_status":"open","ping_status":"closed","template":"","meta":[],"product_brand":[],"product_cat":[99],"product_tag":[],"class_list":{"0":"post-16883","1":"product","2":"type-product","3":"status-publish","4":"has-post-thumbnail","6":"product_cat-fake-russian-rubles","8":"first","9":"instock","10":"taxable","11":"shipping-taxable","12":"purchasable","13":"product-type-variable"},"_links":{"self":[{"href":"https:\/\/bradmoney.com\/da\/wp-json\/wp\/v2\/product\/16883","targetHints":{"allow":["GET"]}}],"collection":[{"href":"https:\/\/bradmoney.com\/da\/wp-json\/wp\/v2\/product"}],"about":[{"href":"https:\/\/bradmoney.com\/da\/wp-json\/wp\/v2\/types\/product"}],"replies":[{"embeddable":true,"href":"https:\/\/bradmoney.com\/da\/wp-json\/wp\/v2\/comments?post=16883"}],"version-history":[{"count":0,"href":"https:\/\/bradmoney.com\/da\/wp-json\/wp\/v2\/product\/16883\/revisions"}],"wp:featuredmedia":[{"embeddable":true,"href":"https:\/\/bradmoney.com\/da\/wp-json\/wp\/v2\/media\/16890"}],"wp:attachment":[{"href":"https:\/\/bradmoney.com\/da\/wp-json\/wp\/v2\/media?parent=16883"}],"wp:term":[{"taxonomy":"product_brand","embeddable":true,"href":"https:\/\/bradmoney.com\/da\/wp-json\/wp\/v2\/product_brand?post=16883"},{"taxonomy":"product_cat","embeddable":true,"href":"https:\/\/bradmoney.com\/da\/wp-json\/wp\/v2\/product_cat?post=16883"},{"taxonomy":"product_tag","embeddable":true,"href":"https:\/\/bradmoney.com\/da\/wp-json\/wp\/v2\/product_tag?post=16883"}],"curies":[{"name":"wp","href":"https:\/\/api.w.org\/{rel}","templated":true}]}}