{"id":107,"date":"2023-06-19T06:49:16","date_gmt":"2023-06-19T06:49:16","guid":{"rendered":"https:\/\/www.bradfakemoney.com\/?post_type=product&#038;p=107"},"modified":"2025-06-25T14:41:38","modified_gmt":"2025-06-25T14:41:38","slug":"100-nzd-sedler","status":"publish","type":"product","link":"https:\/\/bradmoney.com\/da\/produkt\/100-nzd-sedler\/","title":{"rendered":"Falsk newzealandsk dollar $100"},"content":{"rendered":"<h2>Buy Fake New Zealand Dollar<\/h2>\n<p>Du er p\u00e5 den rigtige platform, hvis du \u00f8nsker at <a href=\"https:\/\/bradmoney.com\/da\/produktkategori\/falsk-new-zealandsk-dollar\/\">Falsk newzealandsk dollar<\/a> . We are an emerging trend in the formation of high-quality fake notes. We provide you with undetectable money because we do the production after the minor observations of the real money. Perfect color, length, and thickness decide the quality of the notes of different denominations. How do we lead the market amidst our competitors?<\/p>\n<h2><img fetchpriority=\"high\" decoding=\"async\" class=\"wp-image-2475 size-full aligncenter\" src=\"https:\/\/www.authenticreplicanotes.com\/wp-content\/uploads\/2022\/01\/Buy-fake-NZD-100-Online.jpg\" alt=\"Buy fake NZD Online\" width=\"275\" height=\"183\" \/><\/h2>\n<p>- Midt i den benh\u00e5rde konkurrence er det virkelig sv\u00e6rt at rejse sig, n\u00e5r man st\u00e5r over for folks negative meninger. Vores tilfredse tjenester holder vores kunder intakte og forts\u00e6tter med at g\u00f8re forretninger med os.<\/p>\n<h3>Hvorfor v\u00e6lge at k\u00f8be falske newzealandske dollars online?<\/h3>\n<p>Vores kvalitative produkt og komfortable levering med bekymring for vores kunders sikkerhed g\u00f8r, at vi adskiller os fra vores konkurrenter, der allerede findes p\u00e5 markedet.<\/p>\n<p>Denne p\u00e5lydende v\u00e6rdi bruges n\u00e6sten ikke og foretr\u00e6kkes, s\u00e5 vi producerer et begr\u00e6nset lager efter kundernes eftersp\u00f8rgsel. Skynd dig at k\u00f8be falske newzealandske dollars og f\u00e5 ordren sendt hjem til dig, s\u00e5 sedlerne ikke beh\u00f8ver at passere gennem lysdetekteringsmaskinen.<\/p>\n<p>Buying fake NZD banknotes has never been easier than fake banknotes. All you do is go to our shop place your order and we will get back to you asap. The package is shipped within 24hrs after the order has been placed. Other banknotes in stock include fake 100 NZD fake 50 NZD, fake 20 NZD, Fake 10 NZD, and fake 5 NZD. Some important points our fake banknotes Supply below.<\/p>\n<ul>\n<li>Produkter af h\u00f8j kvalitet<\/li>\n<li>100% garanteret levering<\/li>\n<li>Diskret og sikker levering<\/li>\n<li>garanti for tilbagebetaling af penge<\/li>\n<li>Rabatter ved k\u00f8b med bitcoins<\/li>\n<\/ul>","protected":false},"excerpt":{"rendered":"<div class=\"description woocommerce-product-details__short-description\">\n<p>Du er p\u00e5 det bedste sted for falske penge, hvis du \u00f8nsker at k\u00f8be falske New Zealandske dollar $ 100. Vi er en ny tendens i dannelsen af pengesedler af h\u00f8j kvalitet.<\/p>\n<\/div>","protected":false},"featured_media":108,"comment_status":"open","ping_status":"closed","template":"","meta":[],"product_brand":[],"product_cat":[24],"product_tag":[],"class_list":{"0":"post-107","1":"product","2":"type-product","3":"status-publish","4":"has-post-thumbnail","6":"product_cat-fake-new-zealand-dollar","8":"first","9":"instock","10":"taxable","11":"shipping-taxable","12":"purchasable","13":"product-type-simple"},"_links":{"self":[{"href":"https:\/\/bradmoney.com\/da\/wp-json\/wp\/v2\/product\/107","targetHints":{"allow":["GET"]}}],"collection":[{"href":"https:\/\/bradmoney.com\/da\/wp-json\/wp\/v2\/product"}],"about":[{"href":"https:\/\/bradmoney.com\/da\/wp-json\/wp\/v2\/types\/product"}],"replies":[{"embeddable":true,"href":"https:\/\/bradmoney.com\/da\/wp-json\/wp\/v2\/comments?post=107"}],"version-history":[{"count":0,"href":"https:\/\/bradmoney.com\/da\/wp-json\/wp\/v2\/product\/107\/revisions"}],"wp:featuredmedia":[{"embeddable":true,"href":"https:\/\/bradmoney.com\/da\/wp-json\/wp\/v2\/media\/108"}],"wp:attachment":[{"href":"https:\/\/bradmoney.com\/da\/wp-json\/wp\/v2\/media?parent=107"}],"wp:term":[{"taxonomy":"product_brand","embeddable":true,"href":"https:\/\/bradmoney.com\/da\/wp-json\/wp\/v2\/product_brand?post=107"},{"taxonomy":"product_cat","embeddable":true,"href":"https:\/\/bradmoney.com\/da\/wp-json\/wp\/v2\/product_cat?post=107"},{"taxonomy":"product_tag","embeddable":true,"href":"https:\/\/bradmoney.com\/da\/wp-json\/wp\/v2\/product_tag?post=107"}],"curies":[{"name":"wp","href":"https:\/\/api.w.org\/{rel}","templated":true}]}}