{"id":64,"date":"2023-06-19T06:20:57","date_gmt":"2023-06-19T06:20:57","guid":{"rendered":"https:\/\/www.bradfakemoney.com\/?post_type=product&#038;p=64"},"modified":"2026-01-23T16:51:22","modified_gmt":"2026-01-24T00:51:22","slug":"saxta-avro-e100","status":"publish","type":"product","link":"https:\/\/bradmoney.com\/az\/product\/saxta-avro-e100\/","title":{"rendered":"Saxta avro 100 avro"},"content":{"rendered":"<h4 data-start=\"482\" data-end=\"889\">Saxta avro 100 avro<\/h4>\n<p data-start=\"482\" data-end=\"889\">M\u00fcst\u0259sna realizm v\u0259 d\u0259qiqlikl\u0259 haz\u0131rlanm\u0131\u015f Bradmoney-d\u0259n saxta 100 avroluq \u0259skinas t\u0259qdim ed\u0259n bu y\u00fcks\u0259k keyfiyy\u0259tli replika h\u0259m forma, h\u0259m d\u0259 funksiya bax\u0131m\u0131ndan orijinal avro \u0259skinas\u0131na uy\u011fun g\u0259lir. \u018fn etibarl\u0131 m\u0259nb\u0259l\u0259rd\u0259n biri kimi <a href=\"https:\/\/bradmoney.com\/az\/product\/saxta-avro-e20\/\">real saxta avro \u0259skinaslar\u0131<\/a>, Bradmoney qabaqc\u0131l \u00e7ap texnologiyas\u0131ndan v\u0259 h\u0259qiqi miqyasl\u0131 materiallardan istifad\u0259 ed\u0259r\u0259k m\u0259hsullar\u0131n\u0131 orijinal \u0259skinaslardan f\u0259rql\u0259ndirm\u0259k \u00fc\u00e7\u00fcn m\u00fch\u0259ndisl\u0259\u015fdirir.<\/p>\n<p data-start=\"891\" data-end=\"1258\">Europa seriyas\u0131 100 avroluq \u0259skinasdan sonra modell\u0259\u015fdirilmi\u015f bu replika \u00f6n t\u0259r\u0259fd\u0259 klassik Barokko \u00fcslublu memarl\u0131q v\u0259 orijinala d\u0259qiq uy\u011fun g\u0259l\u0259n qal\u0131n ya\u015f\u0131l r\u0259ng sxemin\u0259 malikdir. Mikro h\u0259kk olunmu\u015f x\u0259tl\u0259r, nax\u0131\u015fl\u0131 fakturalar v\u0259 holoqrafik zolaqdan tutmu\u015f UV v\u0259 infraq\u0131rm\u0131z\u0131 reaktiv x\u00fcsusiyy\u0259tl\u0259r\u0259 q\u0259d\u0259r h\u0259r bir detal q\u00fcsursuz sur\u0259td\u0259 t\u0259krarland\u0131. <a id=\"Where-to-buy-fake-euro-online\"><\/a><a href=\"https:\/\/bradmoney.com\/az\" rel=\"noopener\">Saxta avronu onlayn haradan almaq olar<\/a><span class=\"___SBox_epc1q-ko_ ___SText_zko9t-ko_\" data-ui-name=\"Link.Text\">\u00a0? daha baxma.<\/span><\/p>\n<p data-start=\"1260\" data-end=\"1661\">\u015e\u0259ffaf portret p\u0259nc\u0259r\u0259si Europa-n\u0131 ayd\u0131n ayd\u0131nl\u0131qla n\u00fcmayi\u015f etdirir, su ni\u015fan\u0131 v\u0259 r\u0259ng d\u0259yi\u015fdir\u0259n r\u0259q\u0259m is\u0259 real \u015fey kimi \u0259ks olunmas\u0131n\u0131 t\u0259min etm\u0259k \u00fc\u00e7\u00fcn \u0259n m\u00fcasir t\u0259b\u0259q\u0259l\u0259rl\u0259 birl\u0259\u015fdirilir. S\u0259th r\u0259smi avro valyutas\u0131n\u0131n ka\u011f\u0131z\u0131n\u0131 t\u0259qlid ed\u0259n pamb\u0131q lifli kompozitd\u0259n istifad\u0259 edilm\u0259kl\u0259 haz\u0131rlanm\u0131\u015fd\u0131r ki, bu da nota m\u00f6hk\u0259m, qatlanmaya davaml\u0131 v\u0259 t\u0259bii tutqun r\u0259ngd\u0259 orijinal tekstura verir.<\/p>\n<p data-start=\"1663\" data-end=\"1958\">Bu saxta 100 avroluq \u0259skinas sad\u0259c\u0259 real g\u00f6r\u00fcnm\u00fcr, real hiss edir, d\u0259qiq \u00e7\u0259kir v\u0259 h\u0259r vizual v\u0259 toxunma testind\u0259 orijinal kimi \u00e7\u0131x\u0131\u015f edir. Sol\u011fun v\u0259 ya l\u0259k\u0259l\u0259n\u0259n ucuz t\u0259qlidl\u0259rd\u0259n f\u0259rqli olaraq, Bradmoney-in qeydl\u0259ri solmaya davaml\u0131 m\u00fcr\u0259kk\u0259bl\u0259rd\u0259n v\u0259 t\u0259zyiql\u0259 kalibrl\u0259nmi\u015f \u00e7apdan istifad\u0259 etm\u0259kl\u0259 davaml\u0131 olaraq haz\u0131rlan\u0131r. <a id=\"Buy-fake-euro\"><\/a><a href=\"https:\/\/bradmoney.com\/az\/magaza\/\">Saxta avro al<\/a> \u0259n yax\u015f\u0131 saxta pul sayt\u0131ndan<\/p>\n<h3 data-start=\"2021\" data-end=\"2067\">Saxta 100 Avro Notunun \u018fsas X\u00fcsusiyy\u0259tl\u0259ri<\/h3>\n<ul data-start=\"2069\" data-end=\"2825\">\n<li data-start=\"2069\" data-end=\"2200\">\n<p data-start=\"2071\" data-end=\"2200\"><strong data-start=\"2071\" data-end=\"2106\">M\u00fck\u0259mm\u0259l Orijinal G\u00f6r\u00fcn\u00fc\u015f v\u0259 Hiss<\/strong> \u2013 Real \u20ac100 \u0259skinas\u0131n h\u0259r detal\u0131n\u0131, o c\u00fcml\u0259d\u0259n holoqram yamaqlar\u0131 v\u0259 qald\u0131r\u0131lm\u0131\u015f m\u00fcr\u0259kk\u0259bi \u0259ks etdirir.<\/p>\n<\/li>\n<li data-start=\"2201\" data-end=\"2303\">\n<p data-start=\"2203\" data-end=\"2303\"><strong data-start=\"2203\" data-end=\"2221\">ATM Uy\u011fundur<\/strong> \u2013 Bankomatlarda, avtomatlarda v\u0259 na\u011fd pul depozit sisteml\u0259rind\u0259 problemsiz i\u015fl\u0259yir.<\/p>\n<\/li>\n<li data-start=\"2304\" data-end=\"2422\">\n<p data-start=\"2306\" data-end=\"2422\"><strong data-start=\"2306\" data-end=\"2347\">Orta v\u0259 b\u00f6y\u00fck \u0259m\u0259liyyatlar \u00fc\u00e7\u00fcn ideald\u0131r<\/strong> \u2013 Ad\u0259t\u0259n s\u0259yah\u0259t, p\u0259rak\u0259nd\u0259 al\u0131\u015f-veri\u015f, otel v\u0259 restoranlarda istifad\u0259 olunur.<\/p>\n<\/li>\n<li data-start=\"2423\" data-end=\"2512\">\n<p data-start=\"2425\" data-end=\"2512\"><strong data-start=\"2425\" data-end=\"2453\">Skanerl\u0259r t\u0259r\u0259find\u0259n a\u015fkar edilmir<\/strong> \u2013 UV, infraq\u0131rm\u0131z\u0131 v\u0259 maqnit a\u015fkarlama testl\u0259rind\u0259n ke\u00e7ir.<\/p>\n<\/li>\n<li data-start=\"2513\" data-end=\"2612\">\n<p data-start=\"2515\" data-end=\"2612\"><strong data-start=\"2515\" data-end=\"2541\">Davaml\u0131 v\u0259 Uzun\u00f6m\u00fcrl\u00fc<\/strong> \u2013 Qabaqc\u0131l bitirm\u0259 il\u0259 pamb\u0131q tekstural\u0131 avro ka\u011f\u0131z \u00fcz\u0259rind\u0259 \u00e7ap edilmi\u015fdir.<\/p>\n<\/li>\n<li data-start=\"2613\" data-end=\"2730\">\n<p data-start=\"2615\" data-end=\"2730\"><strong data-start=\"2615\" data-end=\"2646\">Geni\u015f Etibarl\u0131 Denominasiya<\/strong> \u2013 100 avroluq \u0259skinas rahat istifad\u0259 \u00fc\u00e7\u00fcn b\u00fct\u00fcn Avrozona \u00f6lk\u0259l\u0259rind\u0259 tan\u0131n\u0131r.<\/p>\n<\/li>\n<li data-start=\"2731\" data-end=\"2825\">\n<p data-start=\"2733\" data-end=\"2825\"><strong data-start=\"2733\" data-end=\"2756\">T\u0259hl\u00fck\u0259siz v\u0259 T\u0259hl\u00fck\u0259siz \u0130stifad\u0259<\/strong> \u2013 \u015e\u00fcbh\u0259siz g\u00fcnd\u0259lik f\u0259aliyy\u0259tl\u0259r\u0259 t\u0259bii \u015f\u0259kild\u0259 qar\u0131\u015f\u0131r.<\/p>\n<\/li>\n<\/ul>\n<hr data-start=\"2827\" data-end=\"2830\" \/>\n<h3 data-start=\"2832\" data-end=\"2884\">\ud83d\uded2 Bradmoney d\u0259n niy\u0259 saxta 100 avro \u0259skinas al\u0131rs\u0131n\u0131z?<\/h3>\n<ul data-start=\"2886\" data-end=\"3262\">\n<li data-start=\"2886\" data-end=\"2954\">\n<p data-start=\"2888\" data-end=\"2954\">Y\u00fcks\u0259k keyfiyy\u0259tli a\u015fkar edilm\u0259y\u0259n saxta avro \u0259skinaslar\u0131 d\u0259qiqlikl\u0259 haz\u0131rlanm\u0131\u015fd\u0131r.<\/p>\n<\/li>\n<li data-start=\"2955\" data-end=\"3036\">\n<p data-start=\"2957\" data-end=\"3036\">Onlayn sat\u0131\u015f \u00fc\u00e7\u00fcn \u0259n yax\u015f\u0131 saxta 100 avro \u0259skinaslar kommersiya d\u0259r\u0259c\u0259si il\u0259 istifad\u0259 edil\u0259 bil\u0259r.<\/p>\n<\/li>\n<li data-start=\"3037\" data-end=\"3113\">\n<p data-start=\"3039\" data-end=\"3113\">ATM ma\u015f\u0131nlarda v\u0259 p\u0259rak\u0259nd\u0259 sat\u0131\u015f m\u00fchitl\u0259rind\u0259 i\u015fl\u0259y\u0259n saxta avrolar\u0131 s\u0131naqdan ke\u00e7irdi.<\/p>\n<\/li>\n<li data-start=\"3114\" data-end=\"3187\">\n<p data-start=\"3116\" data-end=\"3187\">Qlobal al\u0131c\u0131lar t\u0259r\u0259find\u0259n realizm, t\u0259mkinlilik v\u0259 davaml\u0131l\u0131q \u00fc\u00e7\u00fcn etibar edilir.<\/p>\n<\/li>\n<li data-start=\"3188\" data-end=\"3262\">\n<p data-start=\"3190\" data-end=\"3262\">G\u00fcnd\u0259lik x\u0259rcl\u0259r v\u0259 y\u00fcks\u0259k d\u0259y\u0259rli \u00f6d\u0259ni\u015fl\u0259r \u00fc\u00e7\u00fcn m\u00fck\u0259mm\u0259l nominal.<\/p>\n<\/li>\n<\/ul>\n<p data-start=\"1960\" data-end=\"2452\">Saxta 100 avroluq \u0259skinas supermarketl\u0259rd\u0259, bankomatlarda, otell\u0259rd\u0259, avtomobil kiray\u0259l\u0259rind\u0259, restoranlarda, p\u0259rak\u0259nd\u0259 sat\u0131\u015f ma\u011fazalar\u0131nda v\u0259 yanacaqdoldurma m\u0259nt\u0259q\u0259l\u0259rind\u0259 tez-tez q\u0259bul edil\u0259n \u00e7ox y\u00f6nl\u00fcd\u00fcr. Bizim qabaqc\u0131l texnologiyam\u0131z bu \u0259skinaslar\u0131n bankomatlara uy\u011fun olmas\u0131n\u0131 t\u0259min edir, y\u0259ni onlar na\u011fd pul \u00e7\u0131xarma sisteml\u0259rind\u0259, depozit ma\u015f\u0131nlar\u0131nda, sat\u0131\u015f sisteml\u0259rind\u0259 v\u0259 kassa say\u011faclar\u0131nda m\u00fck\u0259mm\u0259l i\u015fl\u0259yir. Bradmoney, saxta pullar\u0131n onlayn al\u0131nmas\u0131na g\u0259ldikd\u0259, b\u0259nz\u0259rsiz keyfiyy\u0259t\u0259 n\u0259zar\u0259t v\u0259 m\u00fc\u015ft\u0259ri m\u0259mnuniyy\u0259ti il\u0259 sat\u0131\u015fa saxta pul t\u0259klif ed\u0259n qlobal liderdir. Bazarda \u0259n real saxta pulu axtard\u0131\u011f\u0131n\u0131z zaman, bizim saxta 100 avroluq \u0259skinas\u0131m\u0131z sad\u0259c\u0259 hiss\u0259y\u0259 baxmaq \u00fc\u00e7\u00fcn deyil, h\u0259m d\u0259 s\u0259nayenin q\u0131z\u0131l standart\u0131 olmaq \u00fc\u00e7\u00fcn haz\u0131rlanm\u0131\u015f g\u00f6zl\u0259ntil\u0259ri \u00fcst\u0259l\u0259yir. Saxta 100 avro \u0259skinas sat\u0131l\u0131r.<\/p>","protected":false},"excerpt":{"rendered":"<div class=\"description woocommerce-product-details__short-description\">\n<p>&nbsp;<\/p>\n<p>Saxta 100 avro \u0259skinaslar al\u0131n - real, ATM uy\u011fun v\u0259 a\u015fkar olunmaz. Supermarketl\u0259r, bankomatlar, s\u0259yah\u0259t x\u0259rcl\u0259ri v\u0259 g\u00fcnd\u0259lik h\u0259yat \u00f6d\u0259ni\u015fl\u0259ri \u00fc\u00e7\u00fcn m\u00fck\u0259mm\u0259ldir. Orijinala b\u0259nz\u0259y\u0259n saxta 100 avroluq \u0259skinaslar\u0131 al\u0131n. Bradmoney Inc. \u018fskinaslarla keyfiyy\u0259tli m\u0259hsul v\u0259 xidm\u0259tl\u0259r bizim \u0259sas prioritetimizdir. Bizim istehsal etdiyimiz \u0259n yax\u015f\u0131 avro \u0259skinaslar\u0131m\u0131zdan biri 100 nominall\u0131 \u0259skinaslard\u0131r<\/p>\n<\/div>","protected":false},"featured_media":67,"comment_status":"open","ping_status":"closed","template":"","meta":[],"product_brand":[],"product_cat":[20],"product_tag":[],"class_list":{"0":"post-64","1":"product","2":"type-product","3":"status-publish","4":"has-post-thumbnail","6":"product_cat-fake-euro","8":"first","9":"instock","10":"taxable","11":"shipping-taxable","12":"purchasable","13":"product-type-simple"},"_links":{"self":[{"href":"https:\/\/bradmoney.com\/az\/wp-json\/wp\/v2\/product\/64","targetHints":{"allow":["GET"]}}],"collection":[{"href":"https:\/\/bradmoney.com\/az\/wp-json\/wp\/v2\/product"}],"about":[{"href":"https:\/\/bradmoney.com\/az\/wp-json\/wp\/v2\/types\/product"}],"replies":[{"embeddable":true,"href":"https:\/\/bradmoney.com\/az\/wp-json\/wp\/v2\/comments?post=64"}],"version-history":[{"count":1,"href":"https:\/\/bradmoney.com\/az\/wp-json\/wp\/v2\/product\/64\/revisions"}],"predecessor-version":[{"id":17826,"href":"https:\/\/bradmoney.com\/az\/wp-json\/wp\/v2\/product\/64\/revisions\/17826"}],"wp:featuredmedia":[{"embeddable":true,"href":"https:\/\/bradmoney.com\/az\/wp-json\/wp\/v2\/media\/67"}],"wp:attachment":[{"href":"https:\/\/bradmoney.com\/az\/wp-json\/wp\/v2\/media?parent=64"}],"wp:term":[{"taxonomy":"product_brand","embeddable":true,"href":"https:\/\/bradmoney.com\/az\/wp-json\/wp\/v2\/product_brand?post=64"},{"taxonomy":"product_cat","embeddable":true,"href":"https:\/\/bradmoney.com\/az\/wp-json\/wp\/v2\/product_cat?post=64"},{"taxonomy":"product_tag","embeddable":true,"href":"https:\/\/bradmoney.com\/az\/wp-json\/wp\/v2\/product_tag?post=64"}],"curies":[{"name":"wp","href":"https:\/\/api.w.org\/{rel}","templated":true}]}}