{"id":17275,"date":"2016-08-05T19:38:36","date_gmt":"2016-08-05T19:38:36","guid":{"rendered":"https:\/\/bradmoney.com\/?post_type=product&#038;p=17275"},"modified":"2025-08-08T09:31:21","modified_gmt":"2025-08-08T09:31:21","slug":"saxta-200-isvecr%c9%99-franki-%c9%99skinas-al","status":"publish","type":"product","link":"https:\/\/bradmoney.com\/az\/product\/saxta-200-isvecr%c9%99-franki-%c9%99skinas-al\/","title":{"rendered":"Saxta 200 \u0130sve\u00e7r\u0259 Frank\u0131 \u0259skinaslar\u0131 al\u0131n"},"content":{"rendered":"<p data-start=\"1079\" data-end=\"1541\">T\u0259qdim edir <a id=\"Fake-200-Swiss-Francs\"><\/a>Bradmoney t\u0259r\u0259find\u0259n saxta 200 \u0130sve\u00e7r\u0259 frank\u0131 \u0259skinas, realizm v\u0259 m\u00fct\u0259x\u0259ssis s\u0259n\u0259tkarl\u0131\u011f\u0131n c\u0259sar\u0259tli t\u0259msili. D\u0259qiqlik t\u0259l\u0259b ed\u0259n a\u011f\u0131ll\u0131 al\u0131c\u0131lar \u00fc\u00e7\u00fcn n\u0259z\u0259rd\u0259 tutulmu\u015f bu y\u00fcks\u0259k s\u0259viyy\u0259li saxta 200 CHF \u0259skinas \u0130sve\u00e7r\u0259nin r\u0259smi valyutas\u0131n\u0131n b\u00fct\u00fcn x\u00fcsusiyy\u0259tl\u0259rini heyr\u0259tamiz d\u0259qiqlikl\u0259 t\u0259krarlay\u0131r. \u018fsl pul vahidinin mahiyy\u0259tini \u0259ks etdir\u0259n teatr rekvizitl\u0259ri v\u0259 ya t\u0259dris material\u0131 axtar\u0131rs\u0131n\u0131zsa, bu m\u0259hsul misilsiz keyfiyy\u0259t v\u0259 inand\u0131r\u0131c\u0131l\u0131q t\u0259klif edir.<\/p>\n<p data-start=\"1543\" data-end=\"1944\">\u0130sve\u00e7r\u0259 Milli Bank\u0131ndan real 200 CHF \u0259skinas, x\u00fcsusil\u0259 \u0130sve\u00e7r\u0259nin elmi t\u0259cr\u00fcb\u0259 v\u0259 k\u0259\u015ffiyyat \u0259n\u0259n\u0259l\u0259rin\u0259 diqq\u0259t yetir\u0259r\u0259k, madd\u0259nin m\u00f6vzusunu \u0259ks etdirir. Dizayn m\u00fcr\u0259kk\u0259b prosesl\u0259rin koordinasiyas\u0131n\u0131 simvoliz\u0259 ed\u0259n dirijorun d\u0259y\u0259n\u0259yini tutan \u0259lini n\u00fcmayi\u015f etdirir. Bradmoney versiyas\u0131 n\u0259f\u0259s k\u0259s\u0259n ayd\u0131nl\u0131q v\u0259 t\u0259f\u0259rr\u00fcata sadiqlik il\u0259 bu b\u0259dii konsepsiyan\u0131n h\u0259r t\u0259r\u0259fini \u0259hat\u0259 edir.<\/p>\n<p data-start=\"1946\" data-end=\"2343\">Arxa fondak\u0131 m\u00fcr\u0259kk\u0259b molekulyar qrafikadan tutmu\u015f d\u00fcz\u00fclm\u0259 \u00e7arpaz\u0131na, mikro \u00e7apa, UV reaktiv x\u00fcsusiyy\u0259tl\u0259rin\u0259 v\u0259 d\u0259rin oxlu r\u0259ng palitras\u0131na q\u0259d\u0259r h\u0259r bir n\u00fcans s\u0259daq\u0259tl\u0259 t\u0259krarlan\u0131r. \u018fl motivi, toxunma elementl\u0259ri v\u0259 t\u0259hl\u00fck\u0259sizlik x\u00fcsusiyy\u0259tl\u0259ri qabaqc\u0131l \u00e7ap texnologiyalar\u0131 v\u0259 orijinal polimer pamb\u0131q substrat\u0131n teksturas\u0131n\u0131 v\u0259 qal\u0131nl\u0131\u011f\u0131n\u0131 t\u0259qlid ed\u0259n premium d\u0259r\u0259c\u0259li materiallardan istifad\u0259 ed\u0259r\u0259k t\u0259qlid edilir.<\/p>\n<p data-start=\"2345\" data-end=\"2780\">Saxta 200 \u0130sve\u00e7r\u0259 frank\u0131 \u0259skinas\u0131m\u0131zda holoqrafik r\u0259ng d\u0259yi\u015fdirm\u0259 band\u0131 v\u0259 simulyasiya edilmi\u015f su ni\u015fan\u0131 kimi m\u00fcr\u0259kk\u0259b optik effektl\u0259r daxildir. Y\u00fcks\u0259ltilmi\u015f \u00e7ap s\u0259thl\u0259ri, inc\u0259 x\u0259tl\u0259r v\u0259 k\u0259nardan k\u0259nara q\u0259d\u0259r ayd\u0131nl\u0131q bu qeydin h\u0259qiq\u0259t\u0259n orijinal g\u00f6r\u00fcn\u00fc\u015f\u00fcn\u00fc qoruyark\u0259n yax\u0131ndan n\u0259z\u0259rd\u0259n ke\u00e7irilm\u0259sin\u0259 tab g\u0259tirm\u0259y\u0259 imkan verir. Qeyd h\u0259m\u00e7inin i\u015f\u0131\u011f\u0131 m\u00fcxt\u0259lif bucaqlar alt\u0131nda t\u0259bii \u015f\u0259kild\u0259 \u0259ks etdirir v\u0259 reall\u0131q \u00fc\u00e7\u00fcn h\u0259m g\u00fcnd\u00fcz, h\u0259m d\u0259 UV i\u015f\u0131\u011f\u0131 \u015f\u0259raitinin vizual s\u0131na\u011f\u0131ndan ke\u00e7ir.<\/p>\n<p data-start=\"2782\" data-end=\"3107\">Fiziki x\u00fcsusiyy\u0259tl\u0259r d\u0259 eyni d\u0259r\u0259c\u0259d\u0259 t\u0259sir edicidir. Bradmoney orijinal notun \u00f6l\u00e7\u00fcl\u0259rin\u0259, \u00e7\u0259kisin\u0259 v\u0259 toxunma x\u00fcsusiyy\u0259tl\u0259rin\u0259 uy\u011funla\u015fmaq \u00fc\u00e7\u00fcn son d\u0259r\u0259c\u0259 d\u0259qiq presl\u0259m\u0259 v\u0259 bitirm\u0259 al\u0259tl\u0259rind\u0259n istifad\u0259 edir. N\u0259tic\u0259? \u018flind\u0259 inan\u0131lmaz d\u0259r\u0259c\u0259d\u0259 real hiss ed\u0259n, i\u015fl\u0259ndikd\u0259 k\u0259skin s\u0259sl\u0259n\u0259n v\u0259 bir bax\u0131\u015fda real notlardan f\u0259rql\u0259nm\u0259y\u0259n saxta 200 CHF.<\/p>\n<p data-start=\"3109\" data-end=\"3422\">Hesablar\u0131n\u0131z\u0131 \u00f6d\u0259m\u0259k v\u0259 g\u00fcnd\u0259lik istifad\u0259, h\u0259m\u00e7inin yarad\u0131c\u0131 pe\u015f\u0259karlar, t\u0259lim\u00e7il\u0259r v\u0259 \u015f\u0259xsi m\u00fc\u015ft\u0259ril\u0259r t\u0259r\u0259find\u0259n istifad\u0259 edil\u0259n saxta \u0130sve\u00e7r\u0259 frank\u0131 reall\u0131\u011f\u0131 v\u0259 etibarl\u0131l\u0131\u011f\u0131 il\u0259 se\u00e7ilir. 200 frank \u0259skinas \u0130sve\u00e7r\u0259d\u0259 geni\u015f d\u00f6vriyy\u0259d\u0259 olan nominald\u0131r v\u0259 bu saxta versiyan\u0131 \u0259m\u0259liyyat ssenaril\u0259rind\u0259 y\u00fcks\u0259k keyfiyy\u0259tli istifad\u0259 \u00fc\u00e7\u00fcn ideal se\u00e7im edir. <a id=\"Buy-undetectable-fake-Swiss-Francs\"><\/a>A\u015fkar olunmayan saxta \u0130sve\u00e7r\u0259 frank\u0131 al\u0131n<\/p>\n<p data-start=\"3424\" data-end=\"3680\">Bradmoney-d\u0259 biz ba\u015fa d\u00fc\u015f\u00fcr\u00fck ki, orijinall\u0131q sad\u0259c\u0259 vizual deyil, hiss, faktura v\u0259 t\u0259qdimatdad\u0131r. Ciddi keyfiyy\u0259t t\u0259minat\u0131m\u0131z, ald\u0131\u011f\u0131n\u0131z h\u0259r bir saxta 200 CHF-lik \u0259skinas\u0131n tutarl\u0131l\u0131q, \u00e7ap d\u0259qiqliyi v\u0259 k\u0259nar bitirm\u0259 \u00fc\u00e7\u00fcn yoxlan\u0131lmas\u0131n\u0131 t\u0259min edir.<\/p>\n<p data-start=\"3682\" data-end=\"3965\">Looking for <a id=\"where-to-buy-fake-Swiss-Francs\"><\/a>where to buy fake Swiss Francs that combine precision with practicality? Bradmoney is your top tier destination. Each order is packed discreetly and shipped securely to protect your privacy. With global coverage and dedicated support, your satisfaction is guaranteed.<\/p>\n<p data-start=\"3967\" data-end=\"4144\">Don\u2019t settle for low grade copies. Choose Bradmoney\u2019s realistic fake 200 CHF note\u00a0 the highest standard in counterfeit Swiss Francs for legitimate circulatory purposes. <a id=\"Buy-realistic-fake-Swiss-Franc\"><\/a>Buy realistic fake Swiss Francs<\/p>","protected":false},"excerpt":{"rendered":"<p>Bradmoney-nin saxta 200 \u0130sve\u00e7r\u0259 frank\u0131 \u0259skinaslar\u0131n\u0131 bu g\u00fcn orijinal\u0131n dizayn\u0131n\u0131 v\u0259 fakturas\u0131n\u0131 m\u00fck\u0259mm\u0259l \u015f\u0259kild\u0259 \u0259ks etdir\u0259n hiper real, y\u00fcks\u0259k keyfiyy\u0259tli saxta 200 CHF valyutas\u0131 sifari\u015f edin.<\/p>","protected":false},"featured_media":17333,"comment_status":"open","ping_status":"closed","template":"","meta":[],"product_brand":[],"product_cat":[100],"product_tag":[],"class_list":{"0":"post-17275","1":"product","2":"type-product","3":"status-publish","4":"has-post-thumbnail","6":"product_cat-fake-swiss-francs-chf","8":"first","9":"instock","10":"taxable","11":"shipping-taxable","12":"purchasable","13":"product-type-simple"},"_links":{"self":[{"href":"https:\/\/bradmoney.com\/az\/wp-json\/wp\/v2\/product\/17275","targetHints":{"allow":["GET"]}}],"collection":[{"href":"https:\/\/bradmoney.com\/az\/wp-json\/wp\/v2\/product"}],"about":[{"href":"https:\/\/bradmoney.com\/az\/wp-json\/wp\/v2\/types\/product"}],"replies":[{"embeddable":true,"href":"https:\/\/bradmoney.com\/az\/wp-json\/wp\/v2\/comments?post=17275"}],"version-history":[{"count":0,"href":"https:\/\/bradmoney.com\/az\/wp-json\/wp\/v2\/product\/17275\/revisions"}],"wp:featuredmedia":[{"embeddable":true,"href":"https:\/\/bradmoney.com\/az\/wp-json\/wp\/v2\/media\/17333"}],"wp:attachment":[{"href":"https:\/\/bradmoney.com\/az\/wp-json\/wp\/v2\/media?parent=17275"}],"wp:term":[{"taxonomy":"product_brand","embeddable":true,"href":"https:\/\/bradmoney.com\/az\/wp-json\/wp\/v2\/product_brand?post=17275"},{"taxonomy":"product_cat","embeddable":true,"href":"https:\/\/bradmoney.com\/az\/wp-json\/wp\/v2\/product_cat?post=17275"},{"taxonomy":"product_tag","embeddable":true,"href":"https:\/\/bradmoney.com\/az\/wp-json\/wp\/v2\/product_tag?post=17275"}],"curies":[{"name":"wp","href":"https:\/\/api.w.org\/{rel}","templated":true}]}}